{"id":607,"date":"2024-11-24T18:53:25","date_gmt":"2024-11-24T17:53:25","guid":{"rendered":"https:\/\/chevratte-etc.be\/?page_id=607"},"modified":"2025-01-10T10:51:54","modified_gmt":"2025-01-10T09:51:54","slug":"presse","status":"publish","type":"page","link":"https:\/\/chevratte-etc.be\/index.php\/presse\/","title":{"rendered":"Presse"},"content":{"rendered":"<style>.wp-block-kadence-spacer.kt-block-spacer-607_15a8c4-be .kt-block-spacer{height:150px;}.wp-block-kadence-spacer.kt-block-spacer-607_15a8c4-be .kt-divider{border-top-width:1px;height:1px;border-top-color:#eee;width:80%;border-top-style:solid;}<\/style>\n<div class=\"wp-block-kadence-spacer aligncenter kt-block-spacer-607_15a8c4-be\"><div class=\"kt-block-spacer kt-block-spacer-halign-center\"><hr class=\"kt-divider\"\/><\/div><\/div>\n\n\n\n<h5 class=\"wp-block-heading\">Reportage tv Lux :<\/h5>\n\n\n\n<p>Voici le lien vers la vid\u00e9o de l&rsquo;inauguration de Chevratte etc. : <br><a href=\"https:\/\/www.tvlux.be\/video\/info\/societe\/meix-devant-virton-confie-les-cles-de-l-epicentre-a-sa-nouvelle-cooperative_47358.html\">https:\/\/www.tvlux.be\/video\/info\/societe\/meix-devant-virton-confie-les-cles-de-l-epicentre-a-sa-nouvelle-cooperative_47358.html<\/a><br><br><\/p>\n\n\n\n<h5 class=\"wp-block-heading\">Article Rtbf :<\/h5>\n\n\n<style>.wp-block-kadence-advancedheading.kt-adv-heading607_9be3ab-7d, .wp-block-kadence-advancedheading.kt-adv-heading607_9be3ab-7d[data-kb-block=\"kb-adv-heading607_9be3ab-7d\"]{font-style:normal;}.wp-block-kadence-advancedheading.kt-adv-heading607_9be3ab-7d mark.kt-highlight, .wp-block-kadence-advancedheading.kt-adv-heading607_9be3ab-7d[data-kb-block=\"kb-adv-heading607_9be3ab-7d\"] mark.kt-highlight{font-style:normal;color:#f76a0c;-webkit-box-decoration-break:clone;box-decoration-break:clone;padding-top:0px;padding-right:0px;padding-bottom:0px;padding-left:0px;}.wp-block-kadence-advancedheading.kt-adv-heading607_9be3ab-7d img.kb-inline-image, .wp-block-kadence-advancedheading.kt-adv-heading607_9be3ab-7d[data-kb-block=\"kb-adv-heading607_9be3ab-7d\"] img.kb-inline-image{width:150px;vertical-align:baseline;}<\/style>\n<p class=\"kt-adv-heading607_9be3ab-7d wp-block-kadence-advancedheading\" data-kb-block=\"kb-adv-heading607_9be3ab-7d\"><a href=\"https:\/\/www.rtbf.be\/article\/chevratte-etc-une-cooperative-a-meix-devant-virton-pour-creer-un-nouveau-lieu-convivial-11471613?fbclid=IwY2xjawHtx3FleHRuA2FlbQIxMQABHWq4Y9oeDddVR8aU9uXWe0RC9fuaFzNgLlXuLPdDWuM1KxyxaQ2nR_K8_g_aem_aAZmeM5Oc9gv6cmh8qTZVg\">\u00ab\u00a0Chevratte etc.\u00a0\u00bb, une coop\u00e9rative \u00e0 Meix-devant-Virton pour cr\u00e9er un nouveau lieu convivial<\/a><\/p>\n\n\n<style>.wp-block-kadence-advancedheading.kt-adv-heading607_7c15c6-cd, .wp-block-kadence-advancedheading.kt-adv-heading607_7c15c6-cd[data-kb-block=\"kb-adv-heading607_7c15c6-cd\"]{font-style:normal;}.wp-block-kadence-advancedheading.kt-adv-heading607_7c15c6-cd mark.kt-highlight, .wp-block-kadence-advancedheading.kt-adv-heading607_7c15c6-cd[data-kb-block=\"kb-adv-heading607_7c15c6-cd\"] mark.kt-highlight{font-style:normal;color:#f76a0c;-webkit-box-decoration-break:clone;box-decoration-break:clone;padding-top:0px;padding-right:0px;padding-bottom:0px;padding-left:0px;}.wp-block-kadence-advancedheading.kt-adv-heading607_7c15c6-cd img.kb-inline-image, .wp-block-kadence-advancedheading.kt-adv-heading607_7c15c6-cd[data-kb-block=\"kb-adv-heading607_7c15c6-cd\"] img.kb-inline-image{width:150px;vertical-align:baseline;}<\/style>\n<h5 class=\"kt-adv-heading607_7c15c6-cd wp-block-kadence-advancedheading\" data-kb-block=\"kb-adv-heading607_7c15c6-cd\">Document Presse :<\/h5>\n\n\n<style>.wp-block-kadence-advancedheading.kt-adv-heading607_6a45cb-4d, .wp-block-kadence-advancedheading.kt-adv-heading607_6a45cb-4d[data-kb-block=\"kb-adv-heading607_6a45cb-4d\"]{font-style:normal;}.wp-block-kadence-advancedheading.kt-adv-heading607_6a45cb-4d mark.kt-highlight, .wp-block-kadence-advancedheading.kt-adv-heading607_6a45cb-4d[data-kb-block=\"kb-adv-heading607_6a45cb-4d\"] mark.kt-highlight{font-style:normal;color:#f76a0c;-webkit-box-decoration-break:clone;box-decoration-break:clone;padding-top:0px;padding-right:0px;padding-bottom:0px;padding-left:0px;}.wp-block-kadence-advancedheading.kt-adv-heading607_6a45cb-4d img.kb-inline-image, .wp-block-kadence-advancedheading.kt-adv-heading607_6a45cb-4d[data-kb-block=\"kb-adv-heading607_6a45cb-4d\"] img.kb-inline-image{width:150px;vertical-align:baseline;}<\/style>\n<p class=\"kt-adv-heading607_6a45cb-4d wp-block-kadence-advancedheading\" data-kb-block=\"kb-adv-heading607_6a45cb-4d\">Consulter\/t\u00e9l\u00e9charger le document pdf pour la presse :<\/p>\n\n\n\n<div class=\"wp-block-file has-theme-palette-9-background-color has-background\" style=\"padding-top:var(--wp--preset--spacing--20);padding-bottom:var(--wp--preset--spacing--20)\"><a id=\"wp-block-file--media-5c920317-8ca8-4fa5-8ffa-15207aa6a29a\" href=\"https:\/\/chevratte-etc.be\/wp-content\/uploads\/2024\/11\/chevrattedocpresse241130.pdf\" target=\"_blank\" rel=\"noreferrer noopener\">chevrattedocpresse241130<\/a><a href=\"https:\/\/chevratte-etc.be\/wp-content\/uploads\/2024\/11\/chevrattedocpresse241130.pdf\" class=\"wp-block-file__button wp-element-button\" download aria-describedby=\"wp-block-file--media-5c920317-8ca8-4fa5-8ffa-15207aa6a29a\"><strong>T\u00e9l\u00e9charger<\/strong><\/a><\/div>\n\n\n\n<p><\/p>\n","protected":false},"excerpt":{"rendered":"<p>Reportage tv Lux : Voici le lien vers la vid\u00e9o de l&rsquo;inauguration de Chevratte etc. : https:\/\/www.tvlux.be\/video\/info\/societe\/meix-devant-virton-confie-les-cles-de-l-epicentre-a-sa-nouvelle-cooperative_47358.html Article Rtbf : \u00ab\u00a0Chevratte etc.\u00a0\u00bb, une coop\u00e9rative \u00e0 Meix-devant-Virton pour cr\u00e9er un nouveau lieu convivial Document Presse : Consulter\/t\u00e9l\u00e9charger le document pdf pour la presse :<\/p>\n","protected":false},"author":2,"featured_media":0,"parent":0,"menu_order":0,"comment_status":"closed","ping_status":"closed","template":"","meta":{"_kadence_starter_templates_imported_post":false,"_kad_post_transparent":"","_kad_post_title":"","_kad_post_layout":"normal","_kad_post_sidebar_id":"","_kad_post_content_style":"","_kad_post_vertical_padding":"","_kad_post_feature":"","_kad_post_feature_position":"","_kad_post_header":false,"_kad_post_footer":false,"_kad_post_classname":"","footnotes":""},"class_list":["post-607","page","type-page","status-publish","hentry"],"_links":{"self":[{"href":"https:\/\/chevratte-etc.be\/index.php\/wp-json\/wp\/v2\/pages\/607","targetHints":{"allow":["GET"]}}],"collection":[{"href":"https:\/\/chevratte-etc.be\/index.php\/wp-json\/wp\/v2\/pages"}],"about":[{"href":"https:\/\/chevratte-etc.be\/index.php\/wp-json\/wp\/v2\/types\/page"}],"author":[{"embeddable":true,"href":"https:\/\/chevratte-etc.be\/index.php\/wp-json\/wp\/v2\/users\/2"}],"replies":[{"embeddable":true,"href":"https:\/\/chevratte-etc.be\/index.php\/wp-json\/wp\/v2\/comments?post=607"}],"version-history":[{"count":5,"href":"https:\/\/chevratte-etc.be\/index.php\/wp-json\/wp\/v2\/pages\/607\/revisions"}],"predecessor-version":[{"id":811,"href":"https:\/\/chevratte-etc.be\/index.php\/wp-json\/wp\/v2\/pages\/607\/revisions\/811"}],"wp:attachment":[{"href":"https:\/\/chevratte-etc.be\/index.php\/wp-json\/wp\/v2\/media?parent=607"}],"curies":[{"name":"wp","href":"https:\/\/api.w.org\/{rel}","templated":true}]}}