{"id":385,"date":"2024-11-18T15:20:14","date_gmt":"2024-11-18T14:20:14","guid":{"rendered":"https:\/\/chevratte-etc.be\/?page_id=385"},"modified":"2025-06-21T16:11:32","modified_gmt":"2025-06-21T14:11:32","slug":"la-perogola-et-son-four-a-pain","status":"publish","type":"page","link":"https:\/\/chevratte-etc.be\/index.php\/la-perogola-et-son-four-a-pain\/","title":{"rendered":"La P\u00e9rogola et son four \u00e0 pain"},"content":{"rendered":"<style>.wp-block-kadence-spacer.kt-block-spacer-385_3b392e-e6 .kt-block-spacer{height:100px;}.wp-block-kadence-spacer.kt-block-spacer-385_3b392e-e6 .kt-divider{border-top-width:1px;height:1px;border-top-color:#eee;width:80%;border-top-style:solid;}<\/style>\n<div class=\"wp-block-kadence-spacer aligncenter kt-block-spacer-385_3b392e-e6\"><div class=\"kt-block-spacer kt-block-spacer-halign-center\"><hr class=\"kt-divider\"\/><\/div><\/div>\n\n\n\n<div class=\"wp-block-cover alignfull\" style=\"min-height:275px;aspect-ratio:unset;\"><img loading=\"lazy\" decoding=\"async\" width=\"2560\" height=\"1920\" class=\"wp-block-cover__image-background wp-image-474\" alt=\"\" src=\"https:\/\/chevratte-etc.be\/wp-content\/uploads\/2024\/11\/20230818_151302-scaled.jpg\" style=\"object-position:21% 47%\" data-object-fit=\"cover\" data-object-position=\"21% 47%\" srcset=\"https:\/\/chevratte-etc.be\/wp-content\/uploads\/2024\/11\/20230818_151302-scaled.jpg 2560w, https:\/\/chevratte-etc.be\/wp-content\/uploads\/2024\/11\/20230818_151302-300x225.jpg 300w, https:\/\/chevratte-etc.be\/wp-content\/uploads\/2024\/11\/20230818_151302-1024x768.jpg 1024w, https:\/\/chevratte-etc.be\/wp-content\/uploads\/2024\/11\/20230818_151302-768x576.jpg 768w, https:\/\/chevratte-etc.be\/wp-content\/uploads\/2024\/11\/20230818_151302-1536x1152.jpg 1536w, https:\/\/chevratte-etc.be\/wp-content\/uploads\/2024\/11\/20230818_151302-2048x1536.jpg 2048w\" sizes=\"auto, (max-width: 2560px) 100vw, 2560px\" \/><span aria-hidden=\"true\" class=\"wp-block-cover__background has-theme-palette-1-background-color has-background-dim\"><\/span><div class=\"wp-block-cover__inner-container is-layout-constrained wp-block-cover-is-layout-constrained\">\n<p class=\"has-text-align-center has-large-font-size\">La P\u00e9rogola et son four \u00e0 pain<\/p>\n<\/div><\/div>\n\n\n<style>.wp-block-kadence-spacer.kt-block-spacer-385_a275d6-8c .kt-block-spacer{height:50px;}.wp-block-kadence-spacer.kt-block-spacer-385_a275d6-8c .kt-divider{border-top-width:1px;height:1px;border-top-color:#eee;width:80%;border-top-style:solid;}<\/style>\n<div class=\"wp-block-kadence-spacer aligncenter kt-block-spacer-385_a275d6-8c\"><div class=\"kt-block-spacer kt-block-spacer-halign-center\"><hr class=\"kt-divider\"\/><\/div><\/div>\n\n\n<style>.kb-row-layout-id385_e9f035-42 > .kt-row-column-wrap{align-content:start;}:where(.kb-row-layout-id385_e9f035-42 > .kt-row-column-wrap) > .wp-block-kadence-column{justify-content:start;}.kb-row-layout-id385_e9f035-42 > .kt-row-column-wrap{column-gap:var(--global-kb-gap-md, 2rem);row-gap:var(--global-kb-gap-md, 2rem);padding-top:var(--global-kb-spacing-sm, 1.5rem);padding-bottom:var(--global-kb-spacing-sm, 1.5rem);grid-template-columns:minmax(0, 1fr);}.kb-row-layout-id385_e9f035-42 > .kt-row-layout-overlay{opacity:0.30;}@media all and (max-width: 1024px){.kb-row-layout-id385_e9f035-42 > .kt-row-column-wrap{grid-template-columns:minmax(0, 1fr);}}@media all and (max-width: 767px){.kb-row-layout-id385_e9f035-42 > .kt-row-column-wrap{grid-template-columns:minmax(0, 1fr);}}<\/style><div class=\"kb-row-layout-wrap kb-row-layout-id385_e9f035-42 alignnone wp-block-kadence-rowlayout\"><div class=\"kt-row-column-wrap kt-has-1-columns kt-row-layout-equal kt-tab-layout-inherit kt-mobile-layout-row kt-row-valign-top\">\n<style>.kadence-column385_aa7dd7-89 > .kt-inside-inner-col,.kadence-column385_aa7dd7-89 > .kt-inside-inner-col:before{border-top-left-radius:0px;border-top-right-radius:0px;border-bottom-right-radius:0px;border-bottom-left-radius:0px;}.kadence-column385_aa7dd7-89 > .kt-inside-inner-col{column-gap:var(--global-kb-gap-sm, 1rem);}.kadence-column385_aa7dd7-89 > .kt-inside-inner-col{flex-direction:column;}.kadence-column385_aa7dd7-89 > .kt-inside-inner-col > .aligncenter{width:100%;}.kadence-column385_aa7dd7-89 > .kt-inside-inner-col:before{opacity:0.3;}.kadence-column385_aa7dd7-89{position:relative;}@media all and (max-width: 1024px){.kadence-column385_aa7dd7-89 > .kt-inside-inner-col{flex-direction:column;justify-content:center;}}@media all and (max-width: 767px){.kadence-column385_aa7dd7-89 > .kt-inside-inner-col{flex-direction:column;justify-content:center;}}<\/style>\n<div class=\"wp-block-kadence-column kadence-column385_aa7dd7-89\"><div class=\"kt-inside-inner-col\"><style>.wp-block-kadence-advancedheading.kt-adv-heading385_c43438-2f, .wp-block-kadence-advancedheading.kt-adv-heading385_c43438-2f[data-kb-block=\"kb-adv-heading385_c43438-2f\"]{font-size:var(--global-kb-font-size-md, 1.25rem);font-style:normal;}.wp-block-kadence-advancedheading.kt-adv-heading385_c43438-2f mark.kt-highlight, .wp-block-kadence-advancedheading.kt-adv-heading385_c43438-2f[data-kb-block=\"kb-adv-heading385_c43438-2f\"] mark.kt-highlight{font-style:normal;color:#f76a0c;-webkit-box-decoration-break:clone;box-decoration-break:clone;padding-top:0px;padding-right:0px;padding-bottom:0px;padding-left:0px;}.wp-block-kadence-advancedheading.kt-adv-heading385_c43438-2f img.kb-inline-image, .wp-block-kadence-advancedheading.kt-adv-heading385_c43438-2f[data-kb-block=\"kb-adv-heading385_c43438-2f\"] img.kb-inline-image{width:150px;vertical-align:baseline;}<\/style>\n<p class=\"kt-adv-heading385_c43438-2f wp-block-kadence-advancedheading\" data-kb-block=\"kb-adv-heading385_c43438-2f\">L\u2019id\u00e9e est partie de la construction, l\u2019automne dernier, dans le jardin \u00e0 l\u2019arri\u00e8re de l\u2019\u00c9picentre, d\u2019un petit abri nomm\u00e9 la P\u00e9rogola, une invitation \u00e0 se poser et \u00e0 se rencontrer.\u00a0 Construite par une poign\u00e9e de b\u00e9n\u00e9voles et faite principalement avec des mat\u00e9riaux de r\u00e9cup\u00e9ration, elle s\u2019est aussit\u00f4t dot\u00e9e d\u2019un four \u00e0 pain\/pizza, offert par une habitante de G\u00e9rouville.\u00a0<br><br>Un abri, un four \u00e0 pain, un jardin ouvert sur la ruelle Perdue\u2026 et voil\u00e0 lanc\u00e9e l\u2019id\u00e9e d\u2019une sorte de \u2018four banal\u2019 \u00e0 Meix.\u00a0 Une candidature est rentr\u00e9e aupr\u00e8s du <em>\u2018Fonds d\u2019Impulsion pour Projet Citoyen\u2019<\/em> de la commune, elle est retenue.\u00a0 Un budget qui permet de finaliser les travaux et d\u2019acqu\u00e9rir le mat\u00e9riel de fabrication des pizzas.\u00a0 Avanti la musica\u202f!\u00a0<br><br>Des projets similaires existent en Gaume (Chiny, Lamorteau, St L\u00e9ger\u2026).\u00a0 Ils ont en commun l\u2019id\u00e9e de se rencontrer autour de l\u2019utilisation partag\u00e9e d\u2019un four.\u00a0 Certains projets ont une vis\u00e9e didactique\u202f: atelier pour apprendre \u00e0 faire du pain, des pizzas, des tartes et les cuire au feu de bois.\u00a0 D\u2019autres visent surtout la convivialit\u00e9 et proposent aux personnes de venir cuire leur pizza \u00e0 certaines dates d\u00e9finies.\u00a0\u00a0\u00a0<br><br>Courant de cet \u00e9t\u00e9 nous pr\u00e9voyons deux dates de moments collectifs de fabrication de pizza.\u00a0 \u00a0<br>L\u2019\u00e9quipe de Chevratte etc. pr\u00e9parera les p\u00e2tons et la sauce tomate, les participant\u00b7es apporteront des ingr\u00e9dients qui seront mis en commun pour garnir les pizzas.\u00a0 Celles-ci seront enfourn\u00e9es sous la supervision de l\u2019\u00e9quipe et enfin\u2026 d\u00e9gust\u00e9es au jardin.\u00a0 \u00a0<br>Ce sera l\u2019occasion de partager recettes et tours de main pour donner l\u2019envie de s\u2019y remettre \u00e0 la maison.\u00a0 Hmmmm\u202f! Mamma mia\u202f!\u00a0<br><br>En attendant cet \u00e9t\u00e9, nous esp\u00e9rons vivement vous rencontrer ce jeudi 29 mai entre 16h et 19h pour lancer la premi\u00e8re cuisson.\u00a0\u00a0\u00a0<br><br><strong>Chaleureusement v\u00f4tre,<br><br>L\u2019\u00e9quipe de Chevratte etc.<\/strong><br><br>Video de l&rsquo;inauguration (en musique) : <\/p>\n\n\n\n<figure class=\"wp-block-video\"><video height=\"480\" style=\"aspect-ratio: 848 \/ 480;\" width=\"848\" controls src=\"https:\/\/chevratte-etc.be\/wp-content\/uploads\/2025\/06\/VID-20250616-WA0000-3.mp4\"><\/video><\/figure>\n\n\n\n<p><br><br><em>en images :<\/em><\/p>\n\n\n<style>.wp-block-kadence-advancedgallery.kb-gallery-wrap-id-385_7e9307-9c{overflow:hidden;}.kb-gallery-id-385_7e9307-9c .kadence-blocks-gallery-item .kb-gal-image-radius, .kb-gallery-id-385_7e9307-9c .kb-slide-item .kb-gal-image-radius img{border-radius:0px 0px 0px 0px;;}.kb-gallery-wrap-id-385_7e9307-9c.wp-block-kadence-advancedgallery{overflow:visible;}.kb-gallery-wrap-id-385_7e9307-9c.wp-block-kadence-advancedgallery .kt-blocks-carousel{overflow:visible;}<\/style><div class=\"kb-gallery-wrap-id-385_7e9307-9c alignnone wp-block-kadence-advancedgallery\"><div class=\"kb-gallery-ul kb-gallery-non-static kb-gallery-type-carousel kb-gallery-id-385_7e9307-9c kb-gallery-caption-style-bottom-hover kb-gallery-filter-none\" data-image-filter=\"none\" data-lightbox-caption=\"true\"><div class=\"kt-blocks-carousel splide kt-carousel-container-dotstyle-dark kt-carousel-arrowstyle-whiteondark kt-carousel-dotstyle-dark kb-slider-group-arrow kb-slider-arrow-position-center\" data-columns-xxl=\"3\" data-columns-xl=\"3\" data-columns-md=\"3\" data-columns-sm=\"2\" data-columns-xs=\"1\" data-columns-ss=\"1\" data-slider-anim-speed=\"400\" data-slider-scroll=\"1\" data-slider-arrows=\"true\" data-slider-dots=\"true\" data-slider-hover-pause=\"false\" data-slider-auto=\"\" data-slider-speed=\"7000\" data-slider-gap=\"10px\" data-slider-gap-tablet=\"10px\" data-slider-gap-mobile=\"10px\" data-show-pause-button=\"false\" data-slider-label=\"Photo Gallery Carousel\"><div class=\"splide__track\"><ul class=\"kt-blocks-carousel-init kb-gallery-carousel splide__list\"><li class=\"kb-slide-item kb-gallery-carousel-item splide__slide\"><div class=\"kadence-blocks-gallery-item\"><div class=\"kadence-blocks-gallery-item-inner\"><figure class=\"kb-gallery-figure kadence-blocks-gallery-item-hide-caption\"><div class=\"kb-gal-image-radius\"><div class=\"kb-gallery-image-contain kadence-blocks-gallery-intrinsic kb-gallery-image-ratio-land32 kb-has-image-ratio-land32\" ><img loading=\"lazy\" decoding=\"async\" src=\"http:\/\/chevratte-etc.be\/wp-content\/uploads\/2025\/05\/W6hwnGT3-768x1024.jpg\" width=\"768\" height=\"1024\" alt=\"\" data-full-image=\"http:\/\/chevratte-etc.be\/wp-content\/uploads\/2025\/05\/W6hwnGT3.jpg\" data-light-image=\"http:\/\/chevratte-etc.be\/wp-content\/uploads\/2025\/05\/W6hwnGT3.jpg\" data-id=\"852\" class=\"wp-image-852 skip-lazy\" srcset=\"https:\/\/chevratte-etc.be\/wp-content\/uploads\/2025\/05\/W6hwnGT3-768x1024.jpg 768w, https:\/\/chevratte-etc.be\/wp-content\/uploads\/2025\/05\/W6hwnGT3-225x300.jpg 225w, https:\/\/chevratte-etc.be\/wp-content\/uploads\/2025\/05\/W6hwnGT3-1152x1536.jpg 1152w, https:\/\/chevratte-etc.be\/wp-content\/uploads\/2025\/05\/W6hwnGT3.jpg 1536w\" sizes=\"auto, (max-width: 768px) 100vw, 768px\" \/><\/div><\/div><\/figure><\/div><\/div><\/li><li class=\"kb-slide-item kb-gallery-carousel-item splide__slide\"><div class=\"kadence-blocks-gallery-item\"><div class=\"kadence-blocks-gallery-item-inner\"><figure class=\"kb-gallery-figure kadence-blocks-gallery-item-hide-caption\"><div class=\"kb-gal-image-radius\"><div class=\"kb-gallery-image-contain kadence-blocks-gallery-intrinsic kb-gallery-image-ratio-land32 kb-has-image-ratio-land32\" ><img loading=\"lazy\" decoding=\"async\" src=\"http:\/\/chevratte-etc.be\/wp-content\/uploads\/2025\/05\/VBzjHRjx-1024x768.jpg\" width=\"1024\" height=\"768\" alt=\"\" data-full-image=\"http:\/\/chevratte-etc.be\/wp-content\/uploads\/2025\/05\/VBzjHRjx.jpg\" data-light-image=\"http:\/\/chevratte-etc.be\/wp-content\/uploads\/2025\/05\/VBzjHRjx.jpg\" data-id=\"851\" class=\"wp-image-851 skip-lazy\" srcset=\"https:\/\/chevratte-etc.be\/wp-content\/uploads\/2025\/05\/VBzjHRjx-1024x768.jpg 1024w, https:\/\/chevratte-etc.be\/wp-content\/uploads\/2025\/05\/VBzjHRjx-300x225.jpg 300w, https:\/\/chevratte-etc.be\/wp-content\/uploads\/2025\/05\/VBzjHRjx-768x576.jpg 768w, https:\/\/chevratte-etc.be\/wp-content\/uploads\/2025\/05\/VBzjHRjx-1536x1152.jpg 1536w, https:\/\/chevratte-etc.be\/wp-content\/uploads\/2025\/05\/VBzjHRjx.jpg 2048w\" sizes=\"auto, (max-width: 1024px) 100vw, 1024px\" \/><\/div><\/div><\/figure><\/div><\/div><\/li><li class=\"kb-slide-item kb-gallery-carousel-item splide__slide\"><div class=\"kadence-blocks-gallery-item\"><div class=\"kadence-blocks-gallery-item-inner\"><figure class=\"kb-gallery-figure kadence-blocks-gallery-item-hide-caption\"><div class=\"kb-gal-image-radius\"><div class=\"kb-gallery-image-contain kadence-blocks-gallery-intrinsic kb-gallery-image-ratio-land32 kb-has-image-ratio-land32\" ><img loading=\"lazy\" decoding=\"async\" src=\"http:\/\/chevratte-etc.be\/wp-content\/uploads\/2025\/05\/L-SSk03-768x1024.jpg\" width=\"768\" height=\"1024\" alt=\"\" data-full-image=\"http:\/\/chevratte-etc.be\/wp-content\/uploads\/2025\/05\/L-SSk03.jpg\" data-light-image=\"http:\/\/chevratte-etc.be\/wp-content\/uploads\/2025\/05\/L-SSk03.jpg\" data-id=\"850\" class=\"wp-image-850 skip-lazy\" srcset=\"https:\/\/chevratte-etc.be\/wp-content\/uploads\/2025\/05\/L-SSk03-768x1024.jpg 768w, https:\/\/chevratte-etc.be\/wp-content\/uploads\/2025\/05\/L-SSk03-225x300.jpg 225w, https:\/\/chevratte-etc.be\/wp-content\/uploads\/2025\/05\/L-SSk03-1152x1536.jpg 1152w, https:\/\/chevratte-etc.be\/wp-content\/uploads\/2025\/05\/L-SSk03.jpg 1536w\" sizes=\"auto, (max-width: 768px) 100vw, 768px\" \/><\/div><\/div><\/figure><\/div><\/div><\/li><\/ul><\/div><\/div><\/div><\/div><\/div><\/div>\n\n<\/div><\/div>\n\n<style>.wp-block-kadence-spacer.kt-block-spacer-385_45e8eb-b9 .kt-block-spacer{height:50px;}.wp-block-kadence-spacer.kt-block-spacer-385_45e8eb-b9 .kt-divider{border-top-width:1px;height:1px;border-top-color:#eee;width:80%;border-top-style:solid;}<\/style>\n<div class=\"wp-block-kadence-spacer aligncenter kt-block-spacer-385_45e8eb-b9\"><div class=\"kt-block-spacer kt-block-spacer-halign-center\"><hr class=\"kt-divider\"\/><\/div><\/div>\n","protected":false},"excerpt":{"rendered":"<p>L\u2019id\u00e9e est partie de la construction, l\u2019automne dernier, dans le jardin \u00e0 l\u2019arri\u00e8re de l\u2019\u00c9picentre, d\u2019un petit abri nomm\u00e9 la P\u00e9rogola, une invitation \u00e0 se poser et \u00e0 se rencontrer.\u00a0 Construite par une poign\u00e9e de b\u00e9n\u00e9voles et faite principalement avec des mat\u00e9riaux de r\u00e9cup\u00e9ration, elle s\u2019est aussit\u00f4t dot\u00e9e d\u2019un four \u00e0 pain\/pizza, offert par une&#8230;<\/p>\n","protected":false},"author":2,"featured_media":0,"parent":0,"menu_order":0,"comment_status":"closed","ping_status":"closed","template":"","meta":{"_kadence_starter_templates_imported_post":false,"_kad_post_transparent":"","_kad_post_title":"","_kad_post_layout":"normal","_kad_post_sidebar_id":"","_kad_post_content_style":"","_kad_post_vertical_padding":"","_kad_post_feature":"","_kad_post_feature_position":"","_kad_post_header":false,"_kad_post_footer":false,"_kad_post_classname":"","footnotes":""},"class_list":["post-385","page","type-page","status-publish","hentry"],"_links":{"self":[{"href":"https:\/\/chevratte-etc.be\/index.php\/wp-json\/wp\/v2\/pages\/385","targetHints":{"allow":["GET"]}}],"collection":[{"href":"https:\/\/chevratte-etc.be\/index.php\/wp-json\/wp\/v2\/pages"}],"about":[{"href":"https:\/\/chevratte-etc.be\/index.php\/wp-json\/wp\/v2\/types\/page"}],"author":[{"embeddable":true,"href":"https:\/\/chevratte-etc.be\/index.php\/wp-json\/wp\/v2\/users\/2"}],"replies":[{"embeddable":true,"href":"https:\/\/chevratte-etc.be\/index.php\/wp-json\/wp\/v2\/comments?post=385"}],"version-history":[{"count":10,"href":"https:\/\/chevratte-etc.be\/index.php\/wp-json\/wp\/v2\/pages\/385\/revisions"}],"predecessor-version":[{"id":900,"href":"https:\/\/chevratte-etc.be\/index.php\/wp-json\/wp\/v2\/pages\/385\/revisions\/900"}],"wp:attachment":[{"href":"https:\/\/chevratte-etc.be\/index.php\/wp-json\/wp\/v2\/media?parent=385"}],"curies":[{"name":"wp","href":"https:\/\/api.w.org\/{rel}","templated":true}]}}