{"id":360,"date":"2024-11-15T15:16:37","date_gmt":"2024-11-15T14:16:37","guid":{"rendered":"https:\/\/chevratte-etc.be\/?page_id=360"},"modified":"2024-11-27T15:52:47","modified_gmt":"2024-11-27T14:52:47","slug":"nos-valeurs","status":"publish","type":"page","link":"https:\/\/chevratte-etc.be\/index.php\/nos-valeurs\/","title":{"rendered":"Nos valeurs"},"content":{"rendered":"<style>.wp-block-kadence-spacer.kt-block-spacer-360_d24467-c9 .kt-block-spacer{height:100px;}.wp-block-kadence-spacer.kt-block-spacer-360_d24467-c9 .kt-divider{border-top-width:1px;height:1px;border-top-color:#eee;width:80%;border-top-style:solid;}<\/style>\n<div class=\"wp-block-kadence-spacer aligncenter kt-block-spacer-360_d24467-c9\"><div class=\"kt-block-spacer kt-block-spacer-halign-center\"><hr class=\"kt-divider\"\/><\/div><\/div>\n\n\n\n<div class=\"wp-block-cover alignfull\" style=\"min-height:275px;aspect-ratio:unset;\"><span aria-hidden=\"true\" class=\"wp-block-cover__background has-theme-palette-7-background-color has-background-dim-70 has-background-dim\"><\/span><img loading=\"lazy\" decoding=\"async\" width=\"2560\" height=\"1920\" class=\"wp-block-cover__image-background wp-image-549\" alt=\"\" src=\"https:\/\/chevratte-etc.be\/wp-content\/uploads\/2024\/11\/20230818_151515-scaled.jpg\" style=\"object-position:62% 43%\" data-object-fit=\"cover\" data-object-position=\"62% 43%\" srcset=\"https:\/\/chevratte-etc.be\/wp-content\/uploads\/2024\/11\/20230818_151515-scaled.jpg 2560w, https:\/\/chevratte-etc.be\/wp-content\/uploads\/2024\/11\/20230818_151515-300x225.jpg 300w, https:\/\/chevratte-etc.be\/wp-content\/uploads\/2024\/11\/20230818_151515-1024x768.jpg 1024w, https:\/\/chevratte-etc.be\/wp-content\/uploads\/2024\/11\/20230818_151515-768x576.jpg 768w, https:\/\/chevratte-etc.be\/wp-content\/uploads\/2024\/11\/20230818_151515-1536x1152.jpg 1536w, https:\/\/chevratte-etc.be\/wp-content\/uploads\/2024\/11\/20230818_151515-2048x1536.jpg 2048w\" sizes=\"auto, (max-width: 2560px) 100vw, 2560px\" \/><div class=\"wp-block-cover__inner-container is-layout-constrained wp-block-cover-is-layout-constrained\">\n<p class=\"has-text-align-center has-large-font-size\">Nos valeurs<\/p>\n<\/div><\/div>\n\n\n<style>.wp-block-kadence-spacer.kt-block-spacer-360_56b7f4-17 .kt-block-spacer{height:50px;}.wp-block-kadence-spacer.kt-block-spacer-360_56b7f4-17 .kt-divider{border-top-width:1px;height:1px;border-top-color:#eee;width:80%;border-top-style:solid;}<\/style>\n<div class=\"wp-block-kadence-spacer aligncenter kt-block-spacer-360_56b7f4-17\"><div class=\"kt-block-spacer kt-block-spacer-halign-center\"><hr class=\"kt-divider\"\/><\/div><\/div>\n\n\n<style>.wp-block-kadence-advancedheading.kt-adv-heading360_696e94-e5, .wp-block-kadence-advancedheading.kt-adv-heading360_696e94-e5[data-kb-block=\"kb-adv-heading360_696e94-e5\"]{font-size:16px;font-style:normal;color:#bb347f;}.wp-block-kadence-advancedheading.kt-adv-heading360_696e94-e5 mark.kt-highlight, .wp-block-kadence-advancedheading.kt-adv-heading360_696e94-e5[data-kb-block=\"kb-adv-heading360_696e94-e5\"] mark.kt-highlight{font-style:normal;color:#f76a0c;-webkit-box-decoration-break:clone;box-decoration-break:clone;padding-top:0px;padding-right:0px;padding-bottom:0px;padding-left:0px;}.wp-block-kadence-advancedheading.kt-adv-heading360_696e94-e5 img.kb-inline-image, .wp-block-kadence-advancedheading.kt-adv-heading360_696e94-e5[data-kb-block=\"kb-adv-heading360_696e94-e5\"] img.kb-inline-image{width:150px;vertical-align:baseline;}<\/style>\n<p class=\"kt-adv-heading360_696e94-e5 wp-block-kadence-advancedheading\" data-kb-block=\"kb-adv-heading360_696e94-e5\">En tant que Soci\u00e9t\u00e9 coop\u00e9rative agr\u00e9\u00e9e Entreprise Sociale, les <strong>valeurs<\/strong> qui nous animent sont la solidarit\u00e9, la coop\u00e9ration, l\u2019autonomie, le respect du vivant, la soutenabilit\u00e9 environnementale, l\u2019\u00e9thique, la confiance, l\u2019engagement, la sobri\u00e9t\u00e9 et la d\u00e9brouillardise.&nbsp;<br><br>De ces valeurs d\u00e9coule un esprit v\u00e9cu fait au quotidien fait de participation, convivialit\u00e9, implication, inventivit\u00e9, volontarisme (entendu comme le contraire de fatalisme), l\u00e9g\u00e8ret\u00e9, pertinence et impertinence aussi\u2026 parfois\u2026&nbsp;<\/p>\n\n\n<style>.wp-block-kadence-spacer.kt-block-spacer-360_60f8aa-22 .kt-block-spacer{height:20px;}.wp-block-kadence-spacer.kt-block-spacer-360_60f8aa-22 .kt-divider{border-top-width:1px;height:1px;border-top-color:#eee;width:80%;border-top-style:solid;}<\/style>\n<div class=\"wp-block-kadence-spacer aligncenter kt-block-spacer-360_60f8aa-22\"><div class=\"kt-block-spacer kt-block-spacer-halign-center\"><hr class=\"kt-divider\"\/><\/div><\/div>\n\n\n<style>.kb-image360_a6a9e4-f0.kb-image-is-ratio-size, .kb-image360_a6a9e4-f0 .kb-image-is-ratio-size{max-width:543px;width:100%;}.wp-block-kadence-column > .kt-inside-inner-col > .kb-image360_a6a9e4-f0.kb-image-is-ratio-size, .wp-block-kadence-column > .kt-inside-inner-col > .kb-image360_a6a9e4-f0 .kb-image-is-ratio-size{align-self:unset;}.kb-image360_a6a9e4-f0 figure{max-width:543px;}.kb-image360_a6a9e4-f0 .image-is-svg, .kb-image360_a6a9e4-f0 .image-is-svg img{width:100%;}.kb-image360_a6a9e4-f0 .kb-image-has-overlay:after{opacity:0.3;}<\/style>\n<div class=\"wp-block-kadence-image kb-image360_a6a9e4-f0\"><figure class=\"aligncenter size-full\"><img loading=\"lazy\" decoding=\"async\" width=\"888\" height=\"380\" src=\"http:\/\/chevratte-etc.be\/wp-content\/uploads\/2024\/11\/gens.png\" alt=\"\" class=\"kb-img wp-image-670\" srcset=\"https:\/\/chevratte-etc.be\/wp-content\/uploads\/2024\/11\/gens.png 888w, https:\/\/chevratte-etc.be\/wp-content\/uploads\/2024\/11\/gens-300x128.png 300w, https:\/\/chevratte-etc.be\/wp-content\/uploads\/2024\/11\/gens-768x329.png 768w\" sizes=\"auto, (max-width: 888px) 100vw, 888px\" \/><\/figure><\/div>\n","protected":false},"excerpt":{"rendered":"<p>En tant que Soci\u00e9t\u00e9 coop\u00e9rative agr\u00e9\u00e9e Entreprise Sociale, les valeurs qui nous animent sont la solidarit\u00e9, la coop\u00e9ration, l\u2019autonomie, le respect du vivant, la soutenabilit\u00e9 environnementale, l\u2019\u00e9thique, la confiance, l\u2019engagement, la sobri\u00e9t\u00e9 et la d\u00e9brouillardise.&nbsp; De ces valeurs d\u00e9coule un esprit v\u00e9cu fait au quotidien fait de participation, convivialit\u00e9, implication, inventivit\u00e9, volontarisme (entendu comme le&#8230;<\/p>\n","protected":false},"author":2,"featured_media":0,"parent":0,"menu_order":0,"comment_status":"closed","ping_status":"closed","template":"","meta":{"_kadence_starter_templates_imported_post":false,"_kad_post_transparent":"","_kad_post_title":"","_kad_post_layout":"normal","_kad_post_sidebar_id":"","_kad_post_content_style":"","_kad_post_vertical_padding":"","_kad_post_feature":"","_kad_post_feature_position":"","_kad_post_header":false,"_kad_post_footer":false,"_kad_post_classname":"","footnotes":""},"class_list":["post-360","page","type-page","status-publish","hentry"],"_links":{"self":[{"href":"https:\/\/chevratte-etc.be\/index.php\/wp-json\/wp\/v2\/pages\/360","targetHints":{"allow":["GET"]}}],"collection":[{"href":"https:\/\/chevratte-etc.be\/index.php\/wp-json\/wp\/v2\/pages"}],"about":[{"href":"https:\/\/chevratte-etc.be\/index.php\/wp-json\/wp\/v2\/types\/page"}],"author":[{"embeddable":true,"href":"https:\/\/chevratte-etc.be\/index.php\/wp-json\/wp\/v2\/users\/2"}],"replies":[{"embeddable":true,"href":"https:\/\/chevratte-etc.be\/index.php\/wp-json\/wp\/v2\/comments?post=360"}],"version-history":[{"count":9,"href":"https:\/\/chevratte-etc.be\/index.php\/wp-json\/wp\/v2\/pages\/360\/revisions"}],"predecessor-version":[{"id":671,"href":"https:\/\/chevratte-etc.be\/index.php\/wp-json\/wp\/v2\/pages\/360\/revisions\/671"}],"wp:attachment":[{"href":"https:\/\/chevratte-etc.be\/index.php\/wp-json\/wp\/v2\/media?parent=360"}],"curies":[{"name":"wp","href":"https:\/\/api.w.org\/{rel}","templated":true}]}}