{"id":307,"date":"2024-10-28T17:49:03","date_gmt":"2024-10-28T16:49:03","guid":{"rendered":"https:\/\/chevratte-etc.be\/?page_id=307"},"modified":"2024-10-28T17:50:01","modified_gmt":"2024-10-28T16:50:01","slug":"merci-pour-votre-confirmation","status":"publish","type":"page","link":"https:\/\/chevratte-etc.be\/index.php\/merci-pour-votre-confirmation\/","title":{"rendered":"Merci pour votre confirmation"},"content":{"rendered":"<style>.wp-block-kadence-spacer.kt-block-spacer-307_daaf8a-94 .kt-block-spacer{height:175px;}.wp-block-kadence-spacer.kt-block-spacer-307_daaf8a-94 .kt-divider{border-top-width:1px;height:1px;border-top-color:#eee;width:80%;border-top-style:solid;}<\/style>\n<div class=\"wp-block-kadence-spacer aligncenter kt-block-spacer-307_daaf8a-94\"><div class=\"kt-block-spacer kt-block-spacer-halign-center\"><hr class=\"kt-divider\"\/><\/div><\/div>\n\n\n<style>.wp-block-kadence-advancedheading.kt-adv-heading307_e762f4-52, .wp-block-kadence-advancedheading.kt-adv-heading307_e762f4-52[data-kb-block=\"kb-adv-heading307_e762f4-52\"]{font-style:normal;}.wp-block-kadence-advancedheading.kt-adv-heading307_e762f4-52 mark.kt-highlight, .wp-block-kadence-advancedheading.kt-adv-heading307_e762f4-52[data-kb-block=\"kb-adv-heading307_e762f4-52\"] mark.kt-highlight{font-style:normal;color:#f76a0c;-webkit-box-decoration-break:clone;box-decoration-break:clone;padding-top:0px;padding-right:0px;padding-bottom:0px;padding-left:0px;}.wp-block-kadence-advancedheading.kt-adv-heading307_e762f4-52 img.kb-inline-image, .wp-block-kadence-advancedheading.kt-adv-heading307_e762f4-52[data-kb-block=\"kb-adv-heading307_e762f4-52\"] img.kb-inline-image{width:150px;vertical-align:baseline;}<\/style>\n<p class=\"kt-adv-heading307_e762f4-52 wp-block-kadence-advancedheading\" data-kb-block=\"kb-adv-heading307_e762f4-52\"><strong>Votre inscription est d\u00e9sormais confirm\u00e9e et vous serez ajout\u00e9 \u00e0 la liste diffusion. Un grand merci pour votre int\u00e9r\u00eat envers Chevratte etc. <br>\u00e0 tr\u00e8s bient\u00f4t pour des nouvelles fra\u00eeches.<\/strong><\/p>\n\n\n\n<p><\/p>\n","protected":false},"excerpt":{"rendered":"<p>Votre inscription est d\u00e9sormais confirm\u00e9e et vous serez ajout\u00e9 \u00e0 la liste diffusion. Un grand merci pour votre int\u00e9r\u00eat envers Chevratte etc. \u00e0 tr\u00e8s bient\u00f4t pour des nouvelles fra\u00eeches.<\/p>\n","protected":false},"author":2,"featured_media":0,"parent":0,"menu_order":0,"comment_status":"closed","ping_status":"closed","template":"","meta":{"_kadence_starter_templates_imported_post":false,"_kad_post_transparent":"","_kad_post_title":"","_kad_post_layout":"normal","_kad_post_sidebar_id":"","_kad_post_content_style":"","_kad_post_vertical_padding":"","_kad_post_feature":"","_kad_post_feature_position":"","_kad_post_header":false,"_kad_post_footer":false,"_kad_post_classname":"","footnotes":""},"class_list":["post-307","page","type-page","status-publish","hentry"],"_links":{"self":[{"href":"https:\/\/chevratte-etc.be\/index.php\/wp-json\/wp\/v2\/pages\/307","targetHints":{"allow":["GET"]}}],"collection":[{"href":"https:\/\/chevratte-etc.be\/index.php\/wp-json\/wp\/v2\/pages"}],"about":[{"href":"https:\/\/chevratte-etc.be\/index.php\/wp-json\/wp\/v2\/types\/page"}],"author":[{"embeddable":true,"href":"https:\/\/chevratte-etc.be\/index.php\/wp-json\/wp\/v2\/users\/2"}],"replies":[{"embeddable":true,"href":"https:\/\/chevratte-etc.be\/index.php\/wp-json\/wp\/v2\/comments?post=307"}],"version-history":[{"count":2,"href":"https:\/\/chevratte-etc.be\/index.php\/wp-json\/wp\/v2\/pages\/307\/revisions"}],"predecessor-version":[{"id":310,"href":"https:\/\/chevratte-etc.be\/index.php\/wp-json\/wp\/v2\/pages\/307\/revisions\/310"}],"wp:attachment":[{"href":"https:\/\/chevratte-etc.be\/index.php\/wp-json\/wp\/v2\/media?parent=307"}],"curies":[{"name":"wp","href":"https:\/\/api.w.org\/{rel}","templated":true}]}}